{"id":252,"date":"2021-08-16T16:46:23","date_gmt":"2021-08-16T15:46:23","guid":{"rendered":"https:\/\/noflik-haule.nl\/?page_id=252"},"modified":"2021-08-16T19:14:24","modified_gmt":"2021-08-16T18:14:24","slug":"evenementen","status":"publish","type":"page","link":"https:\/\/noflik-haule.nl\/index.php\/evenementen\/","title":{"rendered":"Uitstapjes"},"content":{"rendered":"\n<p>Haule ligt midden tussen diverse toeristische gebieden.<br>Op deze pagina vindt u linkjes naar evenementen-kalenders en andere bezienswaardigeheden.<\/p>\n\n\n\n<div class=\"wp-block-columns is-layout-flex wp-container-core-columns-is-layout-1 wp-block-columns-is-layout-flex\">\n<div class=\"wp-block-column is-layout-flow wp-block-column-is-layout-flow\" style=\"flex-basis:33.33%\">\n<figure class=\"wp-block-image size-full\"><a href=\"https:\/\/noflik-haule.nl\/wp-content\/uploads\/2021\/08\/logo-appelscha.png\"><img loading=\"lazy\" decoding=\"async\" width=\"94\" height=\"99\" src=\"https:\/\/noflik-haule.nl\/wp-content\/uploads\/2021\/08\/logo-appelscha.png\" alt=\"\" class=\"wp-image-253\"\/><\/a><\/figure>\n<\/div>\n\n\n\n<div class=\"wp-block-column is-layout-flow wp-block-column-is-layout-flow\" style=\"flex-basis:66.66%\">\n<p>Ook B&amp;B Noflik-Haule maakt deel uit van &#8216;Bij&nbsp;Appelscha&#8217;, gelegen in Zuid Oost Friesland, ontdek je een heel andere kant van Friesland. Een beleving die je verrast. Naast water vind je hier bossen en heidevelden, weilanden en kronkelende beekjes. Een unieke, authentieke combinatie die je met eigen ogen moet zien. Hier ontspan je. Kom je tot rust en laad je op. Helemaal op jouw manier. Het is echt het Andere Friesland.&#8221;  <br>Voor de  evenementen-kalender &#8211; <a href=\"https:\/\/appelscha.nl\/agenda\" target=\"_blank\" rel=\"noreferrer noopener\">klik hier<\/a> <\/p>\n<\/div>\n<\/div>\n\n\n\n<div class=\"wp-block-columns is-layout-flex wp-container-core-columns-is-layout-2 wp-block-columns-is-layout-flex\">\n<div class=\"wp-block-column is-layout-flow wp-block-column-is-layout-flow\" style=\"flex-basis:33.33%\">\n<figure class=\"wp-block-image size-medium is-resized\"><a href=\"https:\/\/noflik-haule.nl\/wp-content\/uploads\/2021\/08\/Bakkeveen.png\"><img loading=\"lazy\" decoding=\"async\" src=\"https:\/\/noflik-haule.nl\/wp-content\/uploads\/2021\/08\/Bakkeveen-300x252.png\" alt=\"\" class=\"wp-image-257\" width=\"225\" height=\"189\" srcset=\"https:\/\/noflik-haule.nl\/wp-content\/uploads\/2021\/08\/Bakkeveen-300x252.png 300w, https:\/\/noflik-haule.nl\/wp-content\/uploads\/2021\/08\/Bakkeveen.png 516w\" sizes=\"auto, (max-width: 225px) 100vw, 225px\" \/><\/a><\/figure>\n<\/div>\n\n\n\n<div class=\"wp-block-column is-layout-flow wp-block-column-is-layout-flow\" style=\"flex-basis:66.66%\">\n<p>B&amp;B Noflik-Haule is ook lid van <a rel=\"noreferrer noopener\" href=\"https:\/\/www.bakkeveen.nl\/bakkeveen\/toeristisch-informatiepunt\/\" target=\"_blank\">TIP Bakkeveen<\/a> en het meest noordelijk deel van <em>het andere Friesland<\/em> en het middelpunt van <em>de drie Provinci\u00ebn<\/em> Friesland, Groningen en Drenthe. Op hun pagina vind je de activiteiten die gehouden worden in Bakkeveen en 3Provinci\u00ebnland<\/p>\n\n\n\n<ul class=\"wp-block-list\"><li>De agenda van Bakkeveen:&nbsp;<a href=\"https:\/\/www.bakkeveen.nl\/agenda\" target=\"_blank\" rel=\"noreferrer noopener\">klik hier<\/a><\/li><li>De agenda van Wijnjewoude:&nbsp;<a href=\"http:\/\/wijnjewoude.net\/agenda\/\" target=\"_blank\" rel=\"noreferrer noopener\">klik hier<\/a><\/li><li>De agenda van Haulerwijk:&nbsp;<a href=\"http:\/\/haulerwijk.nl\/informatie\/agenda\" target=\"_blank\" rel=\"noreferrer noopener\">klik hier<\/a><\/li><li>De agenda van Donkerbroek:&nbsp;<a href=\"http:\/\/donkerbroek.nl\/dorpsagenda\/\" target=\"_blank\" rel=\"noreferrer noopener\">klik hier<\/a><\/li><\/ul>\n<\/div>\n<\/div>\n\n\n\n<h2 class=\"wp-block-heading\">Routes en bezienswaardigheden<\/h2>\n\n\n\n<div class=\"wp-block-columns is-layout-flex wp-container-core-columns-is-layout-3 wp-block-columns-is-layout-flex\">\n<div class=\"wp-block-column is-layout-flow wp-block-column-is-layout-flow\" style=\"flex-basis:33.33%\">\n<figure class=\"wp-block-image size-full\"><a href=\"https:\/\/noflik-haule.nl\/wp-content\/uploads\/2021\/08\/bosbergtoren.png\"><img loading=\"lazy\" decoding=\"async\" width=\"265\" height=\"80\" src=\"https:\/\/noflik-haule.nl\/wp-content\/uploads\/2021\/08\/bosbergtoren.png\" alt=\"\" class=\"wp-image-273\"\/><\/a><\/figure>\n<\/div>\n\n\n\n<div class=\"wp-block-column is-layout-flow wp-block-column-is-layout-flow\" style=\"flex-basis:66.66%\">\n<p>De uitkijktoren in Appelscha is maar liefst 33 meter hoog en staat op het hoogste punt van het Friese vasteland, een 20 meter hoge stuifduin: de Bosberg Appelscha. Voor meer informatie en tickets &#8211; <a rel=\"noreferrer noopener\" href=\"https:\/\/www.debosbergtoren.nl\/\" target=\"_blank\">klik hier<\/a><\/p>\n<\/div>\n<\/div>\n\n\n\n<div class=\"wp-block-columns is-layout-flex wp-container-core-columns-is-layout-4 wp-block-columns-is-layout-flex\">\n<div class=\"wp-block-column is-layout-flow wp-block-column-is-layout-flow\" style=\"flex-basis:33.33%\">\n<figure class=\"wp-block-image size-full\"><a href=\"https:\/\/noflik-haule.nl\/wp-content\/uploads\/2021\/08\/Kolonienvanweldadigheid.png\"><img loading=\"lazy\" decoding=\"async\" width=\"249\" height=\"238\" src=\"https:\/\/noflik-haule.nl\/wp-content\/uploads\/2021\/08\/Kolonienvanweldadigheid.png\" alt=\"\" class=\"wp-image-260\"\/><\/a><\/figure>\n\n\n\n<figure class=\"wp-block-image size-full\"><a href=\"https:\/\/noflik-haule.nl\/wp-content\/uploads\/2021\/08\/Veenhuizen.png\"><img loading=\"lazy\" decoding=\"async\" width=\"592\" height=\"188\" src=\"https:\/\/noflik-haule.nl\/wp-content\/uploads\/2021\/08\/Veenhuizen.png\" alt=\"\" class=\"wp-image-266\" srcset=\"https:\/\/noflik-haule.nl\/wp-content\/uploads\/2021\/08\/Veenhuizen.png 592w, https:\/\/noflik-haule.nl\/wp-content\/uploads\/2021\/08\/Veenhuizen-300x95.png 300w\" sizes=\"auto, (max-width: 592px) 100vw, 592px\" \/><\/a><\/figure>\n\n\n\n<figure class=\"wp-block-image size-medium\"><a href=\"https:\/\/noflik-haule.nl\/wp-content\/uploads\/2021\/08\/gevangenismuseum.jpg\"><img loading=\"lazy\" decoding=\"async\" width=\"300\" height=\"179\" src=\"https:\/\/noflik-haule.nl\/wp-content\/uploads\/2021\/08\/gevangenismuseum-300x179.jpg\" alt=\"\" class=\"wp-image-261\" srcset=\"https:\/\/noflik-haule.nl\/wp-content\/uploads\/2021\/08\/gevangenismuseum-300x179.jpg 300w, https:\/\/noflik-haule.nl\/wp-content\/uploads\/2021\/08\/gevangenismuseum-1024x611.jpg 1024w, https:\/\/noflik-haule.nl\/wp-content\/uploads\/2021\/08\/gevangenismuseum-768x458.jpg 768w, https:\/\/noflik-haule.nl\/wp-content\/uploads\/2021\/08\/gevangenismuseum.jpg 1123w\" sizes=\"auto, (max-width: 300px) 100vw, 300px\" \/><\/a><\/figure>\n\n\n\n<figure class=\"wp-block-image size-full\"><a href=\"https:\/\/noflik-haule.nl\/wp-content\/uploads\/2021\/08\/logo-de-proefkolonie.png\"><img loading=\"lazy\" decoding=\"async\" width=\"600\" height=\"270\" src=\"https:\/\/noflik-haule.nl\/wp-content\/uploads\/2021\/08\/logo-de-proefkolonie.png\" alt=\"\" class=\"wp-image-263\" srcset=\"https:\/\/noflik-haule.nl\/wp-content\/uploads\/2021\/08\/logo-de-proefkolonie.png 600w, https:\/\/noflik-haule.nl\/wp-content\/uploads\/2021\/08\/logo-de-proefkolonie-300x135.png 300w\" sizes=\"auto, (max-width: 600px) 100vw, 600px\" \/><\/a><\/figure>\n<\/div>\n\n\n\n<div class=\"wp-block-column is-layout-flow wp-block-column-is-layout-flow\" style=\"flex-basis:66.66%\">\n<p>Koloni\u00ebn van Weldadigheid Frederiksoord en Veenhuizen zijn sinds 2021 UNESCO Werelderfgoed. Onze B&amp;B we ligt op fietsafstand (6 km) van Veenhuizen. <\/p>\n\n\n\n<p>V<em>eenhuizen. Een bijzonder dorp met een wonderlijke geschiedenis, waar ook nu nog van alles te zien is en te beleven valt. Een dorp in Drenthe dat in niets lijkt op andere dorpen. Want Veenhuizen is \u00e9\u00e9n van de voormalige Koloni\u00ebn van Weldadigheid, waar nog meer dan honderd Rijksmonumenten getuigen van een uniek verleden.<\/em><\/p>\n\n\n\n<p><em>Rechte lanen en statige panden, musea, ateliers, sfeervolle eet- en drinkadresjes\u2026 Zonder uitzondering zijn ze in Veenhuizen gevestigd in historische gebouwen, die bovendien sterk samenhangen. Ze getuigen van de rijke Kolonie-geschiedenis. <\/em>Voor de agenda van Veenhuizen &#8211; <a rel=\"noreferrer noopener\" href=\"https:\/\/www.veenhuizenboeit.nl\/agenda\/\" target=\"_blank\">klik hier<\/a><\/p>\n\n\n\n<p>In 2018 is de nieuwe permanente expositie in&nbsp;<a rel=\"noreferrer noopener\" href=\"http:\/\/www.gevangenismuseum.nl\/\" target=\"_blank\">Het Nationaal Gevangenismuseum<\/a>&nbsp;geopend. Hierin is de 200-jarige geschiedenis van de Kolonie Veenhuizen te zien.&nbsp;(Oude Gracht 1&nbsp;in Veenhuizen, Nederland). <br><a rel=\"noreferrer noopener\" href=\"https:\/\/www.gevangenismuseum.nl\/category\/activiteiten\/\" target=\"_blank\">Kijk hier voor activiteiten<\/a> van het museum <\/p>\n\n\n\n<p>Frederiksoord is wel iets verder fietsen, 29.1 km vanaf onze B&amp;B. Maar daar leert u een andere kant van de  <em>Koloni\u00ebn van Weldadigheid<\/em> zien. In <a href=\"https:\/\/proefkolonie.nl\/\">Museum De Proefkolonie<\/a>&nbsp;beleeft u via een multimediale tijdreis het ontstaan van de Koloni\u00ebn van Weldadigheid en het \u00e9chte verhaal van de eerste&nbsp;<a href=\"https:\/\/www.kolonienvanweldadigheid.eu\/begrippenlijst#Kolonisten\">kolonisten<\/a>&nbsp;die in 1818 in Frederiksoord een nieuwe toekomst vonden. Het museum is gevestigd in het Bezoekerscentrum Huis van Weldadigheid. (Majoor Van Swietenlaan 1A&nbsp;in Frederiksoord)<\/p>\n<\/div>\n<\/div>\n\n\n\n<div class=\"wp-block-columns is-layout-flex wp-container-core-columns-is-layout-5 wp-block-columns-is-layout-flex\">\n<div class=\"wp-block-column is-layout-flow wp-block-column-is-layout-flow\" style=\"flex-basis:66.66%\">\n<p>Op fietsafstand (7 km) ligt het Fochtelo\u00ebrveen.  Een uniek stukje natuur met stilte, prachtige wolkenluchten en adembenemende vergezichten. Vanuit uitkijktoren De Zeven kun je kilometers ver kijken over dit uitgestrekte hoogveengebied op de grens van Friesland en Drenthe. Het kletsnatte landschap is d\u00e9 plek voor onder andere de kraanvogels, het paapje, de roodborsttapuit en mijn favoriete vlinder; het veenhooibeestje. In het voorjaar kleurt het hoogveen wit door het pluizige wollegras te midden van de veenmossen.<\/p>\n<\/div>\n\n\n\n<div class=\"wp-block-column is-layout-flow wp-block-column-is-layout-flow\" style=\"flex-basis:33.33%\">\n<figure class=\"wp-block-image size-large\"><a href=\"https:\/\/noflik-haule.nl\/wp-content\/uploads\/2021\/08\/Fochtloerveen.jpg\"><img loading=\"lazy\" decoding=\"async\" width=\"1024\" height=\"559\" src=\"https:\/\/noflik-haule.nl\/wp-content\/uploads\/2021\/08\/Fochtloerveen-1024x559.jpg\" alt=\"\" class=\"wp-image-270\" srcset=\"https:\/\/noflik-haule.nl\/wp-content\/uploads\/2021\/08\/Fochtloerveen-1024x559.jpg 1024w, https:\/\/noflik-haule.nl\/wp-content\/uploads\/2021\/08\/Fochtloerveen-300x164.jpg 300w, https:\/\/noflik-haule.nl\/wp-content\/uploads\/2021\/08\/Fochtloerveen-768x420.jpg 768w, https:\/\/noflik-haule.nl\/wp-content\/uploads\/2021\/08\/Fochtloerveen-1536x839.jpg 1536w, https:\/\/noflik-haule.nl\/wp-content\/uploads\/2021\/08\/Fochtloerveen.jpg 1920w\" sizes=\"auto, (max-width: 1024px) 100vw, 1024px\" \/><\/a><figcaption>Het Fochtelo\u00ebrveen vanaf de uitkijktoren<\/figcaption><\/figure>\n<\/div>\n<\/div>\n\n\n\n<div class=\"wp-block-columns is-layout-flex wp-container-core-columns-is-layout-6 wp-block-columns-is-layout-flex\">\n<div class=\"wp-block-column is-layout-flow wp-block-column-is-layout-flow\" style=\"flex-basis:33.33%\">\n<figure class=\"wp-block-image size-full\"><a href=\"https:\/\/noflik-haule.nl\/wp-content\/uploads\/2021\/08\/Fochtelooerveen.png\"><img loading=\"lazy\" decoding=\"async\" width=\"768\" height=\"599\" src=\"https:\/\/noflik-haule.nl\/wp-content\/uploads\/2021\/08\/Fochtelooerveen.png\" alt=\"\" class=\"wp-image-269\" srcset=\"https:\/\/noflik-haule.nl\/wp-content\/uploads\/2021\/08\/Fochtelooerveen.png 768w, https:\/\/noflik-haule.nl\/wp-content\/uploads\/2021\/08\/Fochtelooerveen-300x234.png 300w\" sizes=\"auto, (max-width: 768px) 100vw, 768px\" \/><\/a><\/figure>\n<\/div>\n\n\n\n<div class=\"wp-block-column is-layout-flow wp-block-column-is-layout-flow\" style=\"flex-basis:66.66%\">\n<h3 class=\"wp-block-heading\">Wandelroute op de grens van Friesland en Drenthe in het Fochtelo\u00ebrveen<\/h3>\n\n\n\n<p>Wandel door het bijzondere hoogveen van natuurgebied Fochtelo\u00ebrveen. Geniet van de rust en de uitgestrektheid van het landschap. Laat je verrassen door de bijzondere veenplanten en de vele vogelsoorten die hier te vinden zijn. <a href=\"https:\/\/www.natuurmonumenten.nl\/natuurgebieden\/fochteloerveen\/route\/wandelroute-op-de-grens-van-friesland-en-drenthe-in-het-fochteloerveen\" target=\"_blank\" rel=\"noreferrer noopener\">Download de route (PDF)<\/a><\/p>\n<\/div>\n<\/div>\n\n\n\n<div class=\"wp-block-columns is-layout-flex wp-container-core-columns-is-layout-7 wp-block-columns-is-layout-flex\">\n<div class=\"wp-block-column is-layout-flow wp-block-column-is-layout-flow\" style=\"flex-basis:33.33%\">\n<figure class=\"wp-block-image size-full\"><a href=\"https:\/\/noflik-haule.nl\/wp-content\/uploads\/2021\/08\/Fietroute-Bakkeveen.jpg\"><img loading=\"lazy\" decoding=\"async\" width=\"800\" height=\"480\" src=\"https:\/\/noflik-haule.nl\/wp-content\/uploads\/2021\/08\/Fietroute-Bakkeveen.jpg\" alt=\"\" class=\"wp-image-281\" srcset=\"https:\/\/noflik-haule.nl\/wp-content\/uploads\/2021\/08\/Fietroute-Bakkeveen.jpg 800w, https:\/\/noflik-haule.nl\/wp-content\/uploads\/2021\/08\/Fietroute-Bakkeveen-300x180.jpg 300w, https:\/\/noflik-haule.nl\/wp-content\/uploads\/2021\/08\/Fietroute-Bakkeveen-768x461.jpg 768w\" sizes=\"auto, (max-width: 800px) 100vw, 800px\" \/><\/a><\/figure>\n<\/div>\n\n\n\n<div class=\"wp-block-column is-layout-flow wp-block-column-is-layout-flow\" style=\"flex-basis:66.66%\">\n<h3 class=\"wp-block-heading\">Fietsroute Bakkeveen, Fochteloo en Norg<\/h3>\n\n\n\n<p>Een fietsroute door de geschiedenis. Het slot van de Slotplaats in Bakkeveen werd door grietman (plattelandsburgemeester) Van Aylva in de 17e eeuw gebouwd.  <a rel=\"noreferrer noopener\" href=\"https:\/\/www.natuurmonumenten.nl\/natuurgebieden\/fochteloerveen\/route\/wandelroute-op-de-grens-van-friesland-en-drenthe-in-het-fochteloerveen\" target=\"_blank\">Download de route (PDF)<\/a> <\/p>\n<\/div>\n<\/div>\n\n\n\n<div class=\"wp-block-columns is-layout-flex wp-container-core-columns-is-layout-8 wp-block-columns-is-layout-flex\">\n<div class=\"wp-block-column is-layout-flow wp-block-column-is-layout-flow\" style=\"flex-basis:33.33%\">\n<figure class=\"wp-block-image size-full\"><a href=\"https:\/\/noflik-haule.nl\/wp-content\/uploads\/2021\/08\/NM-Judith-Bouma-Uitkijktoren-uitzicht-Fochtelooerveen.jpg\"><img loading=\"lazy\" decoding=\"async\" width=\"800\" height=\"480\" src=\"https:\/\/noflik-haule.nl\/wp-content\/uploads\/2021\/08\/NM-Judith-Bouma-Uitkijktoren-uitzicht-Fochtelooerveen.jpg\" alt=\"\" class=\"wp-image-282\" srcset=\"https:\/\/noflik-haule.nl\/wp-content\/uploads\/2021\/08\/NM-Judith-Bouma-Uitkijktoren-uitzicht-Fochtelooerveen.jpg 800w, https:\/\/noflik-haule.nl\/wp-content\/uploads\/2021\/08\/NM-Judith-Bouma-Uitkijktoren-uitzicht-Fochtelooerveen-300x180.jpg 300w, https:\/\/noflik-haule.nl\/wp-content\/uploads\/2021\/08\/NM-Judith-Bouma-Uitkijktoren-uitzicht-Fochtelooerveen-768x461.jpg 768w\" sizes=\"auto, (max-width: 800px) 100vw, 800px\" \/><\/a><\/figure>\n<\/div>\n\n\n\n<div class=\"wp-block-column is-layout-flow wp-block-column-is-layout-flow\" style=\"flex-basis:66.66%\">\n<h3 class=\"wp-block-heading\">Fietsroute Fochtelo\u00ebrveen<\/h3>\n\n\n\n<p>Fiets door \u00e9\u00e9n van de laatste hoogveengebieden van Europa. Geniet van de rust en de uitgestrektheid van het landschap. Laat je verrassen door de bijzondere veenplanten en de vele vogelsoorten die hier te vinden zijn. In het voorjaar hoor je de roep van baltsende kraanvogels en in het najaar rusten er duizenden ganzen op het Esmeer. <a rel=\"noreferrer noopener\" href=\"https:\/\/www.natuurmonumenten.nl\/natuurgebieden\/fochteloerveen\/route\/wandelroute-op-de-grens-van-friesland-en-drenthe-in-het-fochteloerveen\" target=\"_blank\">Download de route (PDF)<\/a> <\/p>\n<\/div>\n<\/div>\n\n\n\n<div class=\"wp-block-columns is-layout-flex wp-container-core-columns-is-layout-9 wp-block-columns-is-layout-flex\">\n<div class=\"wp-block-column is-layout-flow wp-block-column-is-layout-flow\" style=\"flex-basis:33.33%\">\n<figure class=\"wp-block-image size-full\"><a href=\"https:\/\/noflik-haule.nl\/wp-content\/uploads\/2021\/08\/WandelrouteKamp.jpg\"><img loading=\"lazy\" decoding=\"async\" width=\"800\" height=\"480\" src=\"https:\/\/noflik-haule.nl\/wp-content\/uploads\/2021\/08\/WandelrouteKamp.jpg\" alt=\"\" class=\"wp-image-278\" srcset=\"https:\/\/noflik-haule.nl\/wp-content\/uploads\/2021\/08\/WandelrouteKamp.jpg 800w, https:\/\/noflik-haule.nl\/wp-content\/uploads\/2021\/08\/WandelrouteKamp-300x180.jpg 300w, https:\/\/noflik-haule.nl\/wp-content\/uploads\/2021\/08\/WandelrouteKamp-768x461.jpg 768w\" sizes=\"auto, (max-width: 800px) 100vw, 800px\" \/><\/a><\/figure>\n<\/div>\n\n\n\n<div class=\"wp-block-column is-layout-flow wp-block-column-is-layout-flow\" style=\"flex-basis:66.66%\">\n<h3 class=\"wp-block-heading\">Wandelroute voormalige kampen Oranje en Ybenheer, bij Fochteloo<\/h3>\n\n\n\n<p>Aan de rand van het Fochtelo\u00ebrveen lagen van 1941 tot halverwege \u201960 twee barakkenkampen: Oranje en Ybenheer. De bijzondere geschiedenis en de diverse bewonersgroepen worden toegelicht met informatieborden bij overgebleven tastbare herinneringen.<br> Wandel door het bijzondere hoogveen van natuurgebied Fochtelo\u00ebrveen. Geniet van de rust en de uitgestrektheid van het landschap. Laat je verrassen door de bijzondere veenplanten en de vele vogelsoorten die hier te vinden zijn. <a href=\"https:\/\/www.natuurmonumenten.nl\/natuurgebieden\/fochteloerveen\/route\/wandelroute-voormalige-kampen-oranje-en-ybenheer-bij-fochteloo\" target=\"_blank\" rel=\"noreferrer noopener\">Download de route (PDF)<\/a> <\/p>\n<\/div>\n<\/div>\n\n\n\n<div class=\"wp-block-columns is-layout-flex wp-container-core-columns-is-layout-10 wp-block-columns-is-layout-flex\">\n<div class=\"wp-block-column is-layout-flow wp-block-column-is-layout-flow\" style=\"flex-basis:33.33%\">\n<figure class=\"wp-block-image size-medium\"><a href=\"https:\/\/noflik-haule.nl\/wp-content\/uploads\/2021\/08\/Wandeleninmandefjild.jpg\"><img loading=\"lazy\" decoding=\"async\" width=\"300\" height=\"300\" src=\"https:\/\/noflik-haule.nl\/wp-content\/uploads\/2021\/08\/Wandeleninmandefjild-300x300.jpg\" alt=\"\" class=\"wp-image-291\" srcset=\"https:\/\/noflik-haule.nl\/wp-content\/uploads\/2021\/08\/Wandeleninmandefjild-300x300.jpg 300w, https:\/\/noflik-haule.nl\/wp-content\/uploads\/2021\/08\/Wandeleninmandefjild-150x150.jpg 150w, https:\/\/noflik-haule.nl\/wp-content\/uploads\/2021\/08\/Wandeleninmandefjild-125x125.jpg 125w, https:\/\/noflik-haule.nl\/wp-content\/uploads\/2021\/08\/Wandeleninmandefjild.jpg 540w\" sizes=\"auto, (max-width: 300px) 100vw, 300px\" \/><\/a><\/figure>\n<\/div>\n\n\n\n<div class=\"wp-block-column is-layout-flow wp-block-column-is-layout-flow\" style=\"flex-basis:66.66%\">\n<h3 class=\"wp-block-heading\">Wandelroute in Bakkeveen en omgeving.   <\/h3>\n\n\n\n<p>Ook kun je heerlijk Wandelen in Bakkeveen en omgeving. Er zijn met paaltjes of pijltjes uitgezette wandelroutes in de natuurgebieden ten oosten en westen van Bakkeveen. Je kunt de knooppunten volgen. Voor meer informatie over de routes &#8211; <a href=\"https:\/\/www.bakkeveen.nl\/zien-doen\/wandelroutes\/\" target=\"_blank\" rel=\"noreferrer noopener\">klik hier<\/a> <\/p>\n<\/div>\n<\/div>\n\n\n\n<p><\/p>\n","protected":false},"excerpt":{"rendered":"<p>Haule ligt midden tussen diverse toeristische gebieden.Op deze pagina vindt u linkjes naar evenementen-kalenders en andere bezienswaardigeheden. Ook B&amp;B Noflik-Haule maakt deel uit van &#8216;Bij&nbsp;Appelscha&#8217;, gelegen in Zuid Oost Friesland, ontdek je een heel andere kant van Friesland. Een beleving die je verrast. Naast water vind je hier bossen en heidevelden, weilanden en kronkelende beekjes&#8230;.<\/p>\n","protected":false},"author":1,"featured_media":0,"parent":0,"menu_order":0,"comment_status":"closed","ping_status":"closed","template":"","meta":{"footnotes":""},"class_list":["post-252","page","type-page","status-publish","hentry"],"_links":{"self":[{"href":"https:\/\/noflik-haule.nl\/index.php\/wp-json\/wp\/v2\/pages\/252","targetHints":{"allow":["GET"]}}],"collection":[{"href":"https:\/\/noflik-haule.nl\/index.php\/wp-json\/wp\/v2\/pages"}],"about":[{"href":"https:\/\/noflik-haule.nl\/index.php\/wp-json\/wp\/v2\/types\/page"}],"author":[{"embeddable":true,"href":"https:\/\/noflik-haule.nl\/index.php\/wp-json\/wp\/v2\/users\/1"}],"replies":[{"embeddable":true,"href":"https:\/\/noflik-haule.nl\/index.php\/wp-json\/wp\/v2\/comments?post=252"}],"version-history":[{"count":16,"href":"https:\/\/noflik-haule.nl\/index.php\/wp-json\/wp\/v2\/pages\/252\/revisions"}],"predecessor-version":[{"id":295,"href":"https:\/\/noflik-haule.nl\/index.php\/wp-json\/wp\/v2\/pages\/252\/revisions\/295"}],"wp:attachment":[{"href":"https:\/\/noflik-haule.nl\/index.php\/wp-json\/wp\/v2\/media?parent=252"}],"curies":[{"name":"wp","href":"https:\/\/api.w.org\/{rel}","templated":true}]}}